{"id":1125,"date":"2021-04-07T12:02:45","date_gmt":"2021-04-07T12:02:45","guid":{"rendered":"https:\/\/montage-ch2.fenji.de\/?page_id=1125"},"modified":"2021-05-24T15:26:18","modified_gmt":"2021-05-24T15:26:18","slug":"impressum","status":"publish","type":"page","link":"https:\/\/www.soldera.ch\/montageservice\/impressum\/","title":{"rendered":"Impressum"},"content":{"rendered":"<div class=\"wpb-content-wrapper\">[vc_row thb_divider_position=&#8220;bottom&#8220;][vc_column][vc_empty_space height=&#8220;64px&#8220;][\/vc_column][\/vc_row][vc_row content_placement=&#8220;middle&#8220; thb_divider_position=&#8220;bottom&#8220; css=&#8220;.vc_custom_1616517323528{padding-top: 64px !important;}&#8220;][vc_column css=&#8220;.vc_custom_1588684492138{padding-right: 30px !important;padding-bottom: 60px !important;}&#8220;][vc_column_text]\n<h6><span style=\"color: #007ec7;\">\/ Rechtliches<br \/><\/span><\/h6>\n[\/vc_column_text][vc_column_text]\n<h2>Impressum<\/h2>\n[\/vc_column_text][vc_separator color=&#8220;custom&#8220; align=&#8220;align_left&#8220; accent_color=&#8220;#007ec7&#8243;][vc_column_text]\n<div class=\"cms-page\">\n<div class=\"cms-sections\">\n<p><strong>Soldera GmbH<br \/><\/strong>Schutzfolien Verkauf und Montage in der ganzen Schweiz.<strong><br \/><\/strong><\/p>\n<p>David Burri<br \/>Schanzweg 1<br \/>CH-8330 Pf\u00e4ffikon ZH<\/p>\n<p>Telefon: \u00a0 044 950 92 92<br \/>E-Mail:<a href=\"mailto:info@soldera.ch\"> info@soldera.ch<\/a><\/p>\n<p>MwSt-Nr: CHE-307.525.280<\/p>\n<p class=\"bodytext\"><strong>Informationen zum Copyright:<br \/><\/strong>Der Inhalt dieser Webseiten ist urheberrechtlich gesch\u00fctzt.<br \/>Alle Abbildungen und Fotos auf den Webseiten von <a href=\"http:\/\/www.soldera.ch\">www.soldera.ch<\/a> d\u00fcrfen nicht ohne Genehmigung \u00fcbernommen, vervielf\u00e4ltigt und verbreitet werden.<\/p>\n<p class=\"bodytext\"><strong>SOLDERA ist eine eingetragene Marke.<\/strong><\/p>\n<\/div>\n<\/div>\n[\/vc_column_text][\/vc_column][\/vc_row][vc_row thb_full_width=&#8220;true&#8220; thb_row_padding=&#8220;true&#8220; thb_column_padding=&#8220;true&#8220; thb_color=&#8220;light-title&#8220; thb_divider_position=&#8220;bottom&#8220; css=&#8220;.vc_custom_1614700361027{padding-top: 13vh !important;padding-bottom: 13vh !important;background: #1478f7 url(https:\/\/montage-ch2.fenji.de\/wp-content\/uploads\/2016\/09\/v3_01.jpg?id=97) !important;}&#8220;][vc_column thb_color=&#8220;thb-light-column&#8220; el_class=&#8220;text-center&#8220;][vc_column_text animation=&#8220;animation bottom-to-top&#8220; el_class=&#8220;text-center&#8220;]\n<h2 class=\"h1\"><strong>Montageanfrage starten! <\/strong><\/h2>\n[\/vc_column_text]\t<a class=\"btn thb-border-line-style  white animation bottom-to-top  regular\" href=\"https:\/\/montage-ch2.fenji.de\/portfolio\/dachfenster-folien\/\" target=\"_blank\" role=\"button\" title=\"Jetzt Folienmontage anfragen!\"><span>Jetzt Folienmontage anfragen!<\/span><\/a>\n\n\t[\/vc_column][\/vc_row]\n<\/div>","protected":false},"excerpt":{"rendered":"<p>[vc_row thb_divider_position=&#8220;bottom&#8220;][vc_column][vc_empty_space height=&#8220;64px&#8220;][\/vc_column][\/vc_row][vc_row content_placement=&#8220;middle&#8220; thb_divider_position=&#8220;bottom&#8220; css=&#8220;.vc_custom_1616517323528{padding-top: 64px !important;}&#8220;][vc_column css=&#8220;.vc_custom_1588684492138{padding-right: 30px !important;padding-bottom: 60px !important;}&#8220;][vc_column_text] \/ Rechtliches [\/vc_column_text][vc_column_text] Impressum [\/vc_column_text][vc_separator color=&#8220;custom&#8220; align=&#8220;align_left&#8220; accent_color=&#8220;#007ec7&#8243;][vc_column_text] Soldera GmbHSchutzfolien Verkauf und Montage in der ganzen Schweiz. David BurriSchanzweg 1CH-8330 Pf\u00e4ffikon ZH Telefon: \u00a0 044 950 92 92E-Mail: info@soldera.ch MwSt-Nr: CHE-307.525.280 Informationen zum Copyright:Der Inhalt dieser Webseiten ist urheberrechtlich gesch\u00fctzt.Alle Abbildungen und&hellip;<\/p>\n","protected":false},"author":2,"featured_media":0,"parent":0,"menu_order":0,"comment_status":"closed","ping_status":"closed","template":"","meta":{"_monsterinsights_skip_tracking":false,"_monsterinsights_sitenote_active":false,"_monsterinsights_sitenote_note":"","_monsterinsights_sitenote_category":0,"footnotes":""},"class_list":["post-1125","page","type-page","status-publish","hentry"],"aioseo_notices":[],"_links":{"self":[{"href":"https:\/\/www.soldera.ch\/montageservice\/wp-json\/wp\/v2\/pages\/1125","targetHints":{"allow":["GET"]}}],"collection":[{"href":"https:\/\/www.soldera.ch\/montageservice\/wp-json\/wp\/v2\/pages"}],"about":[{"href":"https:\/\/www.soldera.ch\/montageservice\/wp-json\/wp\/v2\/types\/page"}],"author":[{"embeddable":true,"href":"https:\/\/www.soldera.ch\/montageservice\/wp-json\/wp\/v2\/users\/2"}],"replies":[{"embeddable":true,"href":"https:\/\/www.soldera.ch\/montageservice\/wp-json\/wp\/v2\/comments?post=1125"}],"version-history":[{"count":3,"href":"https:\/\/www.soldera.ch\/montageservice\/wp-json\/wp\/v2\/pages\/1125\/revisions"}],"predecessor-version":[{"id":1234,"href":"https:\/\/www.soldera.ch\/montageservice\/wp-json\/wp\/v2\/pages\/1125\/revisions\/1234"}],"wp:attachment":[{"href":"https:\/\/www.soldera.ch\/montageservice\/wp-json\/wp\/v2\/media?parent=1125"}],"curies":[{"name":"wp","href":"https:\/\/api.w.org\/{rel}","templated":true}]}}